{"id":8444,"date":"2025-04-19T11:12:57","date_gmt":"2025-04-19T11:12:57","guid":{"rendered":"https:\/\/www.kamillordi.it\/?page_id=8444"},"modified":"2025-05-19T17:07:19","modified_gmt":"2025-05-19T17:07:19","slug":"nei-dintorni","status":"publish","type":"page","link":"https:\/\/www.kamillordi.it\/en\/nei-dintorni\/","title":{"rendered":"Nei dintorni"},"content":{"rendered":"<div data-elementor-type=\"wp-page\" data-elementor-id=\"8444\" class=\"elementor elementor-8444\" data-elementor-post-type=\"page\">\n\t\t\t\t\t\t<section class=\"elementor-section elementor-top-section elementor-element elementor-element-45a632bf elementor-section-stretched elementor-section-content-middle elementor-section-boxed elementor-section-height-default elementor-section-height-default\" data-id=\"45a632bf\" data-element_type=\"section\" data-e-type=\"section\" data-settings=\"{&quot;stretch_section&quot;:&quot;section-stretched&quot;,&quot;background_background&quot;:&quot;classic&quot;}\">\n\t\t\t\t\t\t\t<div class=\"elementor-background-overlay\"><\/div>\n\t\t\t\t\t\t\t<div class=\"elementor-container elementor-column-gap-default\">\n\t\t\t\t\t<div class=\"elementor-column elementor-col-100 elementor-top-column elementor-element elementor-element-7ed7bcea\" data-id=\"7ed7bcea\" data-element_type=\"column\" data-e-type=\"column\">\n\t\t\t<div class=\"elementor-widget-wrap elementor-element-populated\">\n\t\t\t\t\t\t<div class=\"elementor-element elementor-element-3af9efd8 elementor-widget elementor-widget-heading\" data-id=\"3af9efd8\" data-element_type=\"widget\" data-e-type=\"widget\" data-widget_type=\"heading.default\">\n\t\t\t\t<div class=\"elementor-widget-container\">\n\t\t\t\t\t<h1 class=\"elementor-heading-title elementor-size-default\">Nei dintorni<\/h1>\t\t\t\t<\/div>\n\t\t\t\t<\/div>\n\t\t\t\t\t<\/div>\n\t\t<\/div>\n\t\t\t\t\t<\/div>\n\t\t<\/section>\n\t\t\t\t<section class=\"elementor-section elementor-top-section elementor-element elementor-element-3970322c elementor-section-content-middle elementor-section-stretched elementor-section-boxed elementor-section-height-default elementor-section-height-default\" data-id=\"3970322c\" data-element_type=\"section\" data-e-type=\"section\" data-settings=\"{&quot;stretch_section&quot;:&quot;section-stretched&quot;,&quot;background_background&quot;:&quot;classic&quot;}\">\n\t\t\t\t\t\t<div class=\"elementor-container elementor-column-gap-default\">\n\t\t\t\t\t<div class=\"elementor-column elementor-col-100 elementor-top-column elementor-element elementor-element-6d748c45\" data-id=\"6d748c45\" data-element_type=\"column\" data-e-type=\"column\">\n\t\t\t<div class=\"elementor-widget-wrap elementor-element-populated\">\n\t\t\t\t\t\t<div class=\"elementor-element elementor-element-51dff99 elementor-widget elementor-widget-text-editor\" data-id=\"51dff99\" data-element_type=\"widget\" data-e-type=\"widget\" data-widget_type=\"text-editor.default\">\n\t\t\t\t<div class=\"elementor-widget-container\">\n\t\t\t\t\t\t\t\t\t<p><strong>Guest House \u201cKa Millordi\u201d<\/strong>\u00a0 \u00e8 situato in posizione strategica, a 20 minuti di auto dalle splendide spiagge del mar Jonio, a 5 minuti da Civita (uno dei borghi pi\u00f9 belli d\u2019Italia) e ai piedi del del Parco Nazionale del Pollino, offre il giusto compromesso alle vostre vacanze.<br \/>La presenza dello <strong>svincolo autostradale della A2 del Mediterraneo<\/strong>, permette anche a chi viaggia per lavoro o in famiglia di fare una piccola sosta.<\/p>\t\t\t\t\t\t\t\t<\/div>\n\t\t\t\t<\/div>\n\t\t\t\t<div class=\"elementor-element elementor-element-9b08770 elementor-grid-3 elementor-grid-tablet-2 elementor-grid-mobile-1 elementor-posts--thumbnail-top elementor-card-shadow-yes elementor-posts__hover-gradient elementor-widget elementor-widget-posts\" data-id=\"9b08770\" data-element_type=\"widget\" data-e-type=\"widget\" data-settings=\"{&quot;cards_masonry&quot;:&quot;yes&quot;,&quot;pagination_type&quot;:&quot;numbers_and_prev_next&quot;,&quot;cards_columns&quot;:&quot;3&quot;,&quot;cards_columns_tablet&quot;:&quot;2&quot;,&quot;cards_columns_mobile&quot;:&quot;1&quot;,&quot;cards_row_gap&quot;:{&quot;unit&quot;:&quot;px&quot;,&quot;size&quot;:35,&quot;sizes&quot;:[]},&quot;cards_row_gap_tablet&quot;:{&quot;unit&quot;:&quot;px&quot;,&quot;size&quot;:&quot;&quot;,&quot;sizes&quot;:[]},&quot;cards_row_gap_mobile&quot;:{&quot;unit&quot;:&quot;px&quot;,&quot;size&quot;:&quot;&quot;,&quot;sizes&quot;:[]}}\" data-widget_type=\"posts.cards\">\n\t\t\t\t<div class=\"elementor-widget-container\">\n\t\t\t\t\t\t\t<div class=\"elementor-posts-container elementor-posts elementor-posts--skin-cards elementor-grid\">\n\t\t\t\t<article class=\"elementor-post elementor-grid-item post-8706 post type-post status-publish format-standard has-post-thumbnail hentry category-nei-dintorni\">\n\t\t\t<div class=\"elementor-post__card\">\n\t\t\t\t<a class=\"elementor-post__thumbnail__link\" href=\"https:\/\/www.kamillordi.it\/en\/morano-calabro\/\" tabindex=\"-1\" ><div class=\"elementor-post__thumbnail\"><img fetchpriority=\"high\" decoding=\"async\" width=\"1200\" height=\"800\" src=\"https:\/\/www.kamillordi.it\/wp-content\/uploads\/2025\/05\/moranocalabro.webp\" class=\"attachment-full size-full wp-image-8714\" alt=\"\" srcset=\"https:\/\/www.kamillordi.it\/wp-content\/uploads\/2025\/05\/moranocalabro.webp 1200w, https:\/\/www.kamillordi.it\/wp-content\/uploads\/2025\/05\/moranocalabro-300x200.webp 300w, https:\/\/www.kamillordi.it\/wp-content\/uploads\/2025\/05\/moranocalabro-1024x683.webp 1024w, https:\/\/www.kamillordi.it\/wp-content\/uploads\/2025\/05\/moranocalabro-768x512.webp 768w, https:\/\/www.kamillordi.it\/wp-content\/uploads\/2025\/05\/moranocalabro-18x12.webp 18w\" sizes=\"(max-width: 1200px) 100vw, 1200px\" \/><\/div><\/a>\n\t\t\t\t<div class=\"elementor-post__badge\">Nei dintorni<\/div>\n\t\t\t\t<div class=\"elementor-post__text\">\n\t\t\t\t<h3 class=\"elementor-post__title\">\n\t\t\t<a href=\"https:\/\/www.kamillordi.it\/en\/morano-calabro\/\" >\n\t\t\t\tMorano Calabro\t\t\t<\/a>\n\t\t<\/h3>\n\t\t\t\t<div class=\"elementor-post__excerpt\">\n\t\t\t<p>Immerso nel verde del Parco Nazionale del Pollino, Morano Calabro \u00e8 uno dei borghi pi\u00f9 affascinanti della Calabria, insignito del titolo di \u201cUno dei Borghi pi\u00f9 Belli d\u2019Italia\u201d. <\/p>\n\t\t<\/div>\n\t\t\n\t\t<a class=\"elementor-post__read-more\" href=\"https:\/\/www.kamillordi.it\/en\/morano-calabro\/\" aria-label=\"Read more about Morano Calabro\" tabindex=\"-1\" >\n\t\t\tContinua a leggere \u00bb\t\t<\/a>\n\n\t\t\t\t<\/div>\n\t\t\t\t\t<\/div>\n\t\t<\/article>\n\t\t\t\t<article class=\"elementor-post elementor-grid-item post-8583 post type-post status-publish format-standard has-post-thumbnail hentry category-nei-dintorni\">\n\t\t\t<div class=\"elementor-post__card\">\n\t\t\t\t<a class=\"elementor-post__thumbnail__link\" href=\"https:\/\/www.kamillordi.it\/en\/cosa-vedere-a-frascineto\/\" tabindex=\"-1\" ><div class=\"elementor-post__thumbnail\"><img decoding=\"async\" width=\"1200\" height=\"900\" src=\"https:\/\/www.kamillordi.it\/wp-content\/uploads\/2025\/04\/slide1.jpg\" class=\"attachment-full size-full wp-image-8485\" alt=\"\" srcset=\"https:\/\/www.kamillordi.it\/wp-content\/uploads\/2025\/04\/slide1.jpg 1200w, https:\/\/www.kamillordi.it\/wp-content\/uploads\/2025\/04\/slide1-300x225.jpg 300w, https:\/\/www.kamillordi.it\/wp-content\/uploads\/2025\/04\/slide1-1024x768.jpg 1024w, https:\/\/www.kamillordi.it\/wp-content\/uploads\/2025\/04\/slide1-768x576.jpg 768w, https:\/\/www.kamillordi.it\/wp-content\/uploads\/2025\/04\/slide1-16x12.jpg 16w, https:\/\/www.kamillordi.it\/wp-content\/uploads\/2025\/04\/slide1-600x450.jpg 600w\" sizes=\"(max-width: 1200px) 100vw, 1200px\" \/><\/div><\/a>\n\t\t\t\t<div class=\"elementor-post__badge\">Nei dintorni<\/div>\n\t\t\t\t<div class=\"elementor-post__text\">\n\t\t\t\t<h3 class=\"elementor-post__title\">\n\t\t\t<a href=\"https:\/\/www.kamillordi.it\/en\/cosa-vedere-a-frascineto\/\" >\n\t\t\t\tCosa vedere a Frascineto\t\t\t<\/a>\n\t\t<\/h3>\n\t\t\t\t<div class=\"elementor-post__excerpt\">\n\t\t\t<p>Immerso nel cuore del Parco Nazionale del Pollino, Frascineto \u00e8 un borgo di origine arb\u00ebresh\u00eb che custodisce un patrimonio unico fatto di storia, spiritualit\u00e0 e tradizioni millenarie.<\/p>\n\t\t<\/div>\n\t\t\n\t\t<a class=\"elementor-post__read-more\" href=\"https:\/\/www.kamillordi.it\/en\/cosa-vedere-a-frascineto\/\" aria-label=\"Read more about Cosa vedere a Frascineto\" tabindex=\"-1\" >\n\t\t\tContinua a leggere \u00bb\t\t<\/a>\n\n\t\t\t\t<\/div>\n\t\t\t\t\t<\/div>\n\t\t<\/article>\n\t\t\t\t<article class=\"elementor-post elementor-grid-item post-8565 post type-post status-publish format-standard has-post-thumbnail hentry category-nei-dintorni\">\n\t\t\t<div class=\"elementor-post__card\">\n\t\t\t\t<a class=\"elementor-post__thumbnail__link\" href=\"https:\/\/www.kamillordi.it\/en\/arrampicata\/\" tabindex=\"-1\" ><div class=\"elementor-post__thumbnail\"><img decoding=\"async\" width=\"1200\" height=\"900\" src=\"https:\/\/www.kamillordi.it\/wp-content\/uploads\/2025\/05\/head-arrampicate.jpg\" class=\"attachment-full size-full wp-image-8580\" alt=\"\" srcset=\"https:\/\/www.kamillordi.it\/wp-content\/uploads\/2025\/05\/head-arrampicate.jpg 1200w, https:\/\/www.kamillordi.it\/wp-content\/uploads\/2025\/05\/head-arrampicate-300x225.jpg 300w, https:\/\/www.kamillordi.it\/wp-content\/uploads\/2025\/05\/head-arrampicate-1024x768.jpg 1024w, https:\/\/www.kamillordi.it\/wp-content\/uploads\/2025\/05\/head-arrampicate-768x576.jpg 768w, https:\/\/www.kamillordi.it\/wp-content\/uploads\/2025\/05\/head-arrampicate-16x12.jpg 16w, https:\/\/www.kamillordi.it\/wp-content\/uploads\/2025\/05\/head-arrampicate-600x450.jpg 600w\" sizes=\"(max-width: 1200px) 100vw, 1200px\" \/><\/div><\/a>\n\t\t\t\t<div class=\"elementor-post__badge\">Nei dintorni<\/div>\n\t\t\t\t<div class=\"elementor-post__text\">\n\t\t\t\t<h3 class=\"elementor-post__title\">\n\t\t\t<a href=\"https:\/\/www.kamillordi.it\/en\/arrampicata\/\" >\n\t\t\t\tArrampicata ed escursioni sul Pollino\t\t\t<\/a>\n\t\t<\/h3>\n\t\t\t\t<div class=\"elementor-post__excerpt\">\n\t\t\t<p>Frascineto \u00e8 la porta d\u2019ingresso a uno dei luoghi pi\u00f9 suggestivi per l\u2019arrampicata sportiva nel sud Italia: le Piccole Dolomiti del Pollino.<\/p>\n\t\t<\/div>\n\t\t\n\t\t<a class=\"elementor-post__read-more\" href=\"https:\/\/www.kamillordi.it\/en\/arrampicata\/\" aria-label=\"Read more about Arrampicata ed escursioni sul Pollino\" tabindex=\"-1\" >\n\t\t\tContinua a leggere \u00bb\t\t<\/a>\n\n\t\t\t\t<\/div>\n\t\t\t\t\t<\/div>\n\t\t<\/article>\n\t\t\t\t<article class=\"elementor-post elementor-grid-item post-8413 post type-post status-publish format-standard has-post-thumbnail hentry category-nei-dintorni\">\n\t\t\t<div class=\"elementor-post__card\">\n\t\t\t\t<a class=\"elementor-post__thumbnail__link\" href=\"https:\/\/www.kamillordi.it\/en\/la-catasta-campotenese\/\" tabindex=\"-1\" ><div class=\"elementor-post__thumbnail\"><img loading=\"lazy\" decoding=\"async\" width=\"1200\" height=\"900\" src=\"https:\/\/www.kamillordi.it\/wp-content\/uploads\/2025\/04\/head-lacatasta.jpg\" class=\"attachment-full size-full wp-image-8418\" alt=\"\" srcset=\"https:\/\/www.kamillordi.it\/wp-content\/uploads\/2025\/04\/head-lacatasta.jpg 1200w, https:\/\/www.kamillordi.it\/wp-content\/uploads\/2025\/04\/head-lacatasta-300x225.jpg 300w, https:\/\/www.kamillordi.it\/wp-content\/uploads\/2025\/04\/head-lacatasta-1024x768.jpg 1024w, https:\/\/www.kamillordi.it\/wp-content\/uploads\/2025\/04\/head-lacatasta-768x576.jpg 768w, https:\/\/www.kamillordi.it\/wp-content\/uploads\/2025\/04\/head-lacatasta-16x12.jpg 16w, https:\/\/www.kamillordi.it\/wp-content\/uploads\/2025\/04\/head-lacatasta-600x450.jpg 600w\" sizes=\"(max-width: 1200px) 100vw, 1200px\" \/><\/div><\/a>\n\t\t\t\t<div class=\"elementor-post__badge\">Nei dintorni<\/div>\n\t\t\t\t<div class=\"elementor-post__text\">\n\t\t\t\t<h3 class=\"elementor-post__title\">\n\t\t\t<a href=\"https:\/\/www.kamillordi.it\/en\/la-catasta-campotenese\/\" >\n\t\t\t\tLa Catasta Campotenese\t\t\t<\/a>\n\t\t<\/h3>\n\t\t\t\t<div class=\"elementor-post__excerpt\">\n\t\t\t<p>Situata a Campotenese, nel cuore del Parco Nazionale del Pollino, La Catasta \u00e8 molto pi\u00f9 di un semplice centro visite: \u00e8 un luogo d\u2019incontro, cultura, gastronomia e natura, che racconta l\u2019identit\u00e0 di queste terre attraverso esperienze autentiche, mostre, eventi e sapori tipici.<\/p>\n\t\t<\/div>\n\t\t\n\t\t<a class=\"elementor-post__read-more\" href=\"https:\/\/www.kamillordi.it\/en\/la-catasta-campotenese\/\" aria-label=\"Read more about La Catasta Campotenese\" tabindex=\"-1\" >\n\t\t\tContinua a leggere \u00bb\t\t<\/a>\n\n\t\t\t\t<\/div>\n\t\t\t\t\t<\/div>\n\t\t<\/article>\n\t\t\t\t<article class=\"elementor-post elementor-grid-item post-8397 post type-post status-publish format-standard has-post-thumbnail hentry category-nei-dintorni\">\n\t\t\t<div class=\"elementor-post__card\">\n\t\t\t\t<a class=\"elementor-post__thumbnail__link\" href=\"https:\/\/www.kamillordi.it\/en\/mormanno\/\" tabindex=\"-1\" ><div class=\"elementor-post__thumbnail\"><img loading=\"lazy\" decoding=\"async\" width=\"1200\" height=\"900\" src=\"https:\/\/www.kamillordi.it\/wp-content\/uploads\/2025\/04\/head-mormanno.jpg\" class=\"attachment-full size-full wp-image-8402\" alt=\"\" srcset=\"https:\/\/www.kamillordi.it\/wp-content\/uploads\/2025\/04\/head-mormanno.jpg 1200w, https:\/\/www.kamillordi.it\/wp-content\/uploads\/2025\/04\/head-mormanno-300x225.jpg 300w, https:\/\/www.kamillordi.it\/wp-content\/uploads\/2025\/04\/head-mormanno-1024x768.jpg 1024w, https:\/\/www.kamillordi.it\/wp-content\/uploads\/2025\/04\/head-mormanno-768x576.jpg 768w, https:\/\/www.kamillordi.it\/wp-content\/uploads\/2025\/04\/head-mormanno-16x12.jpg 16w, https:\/\/www.kamillordi.it\/wp-content\/uploads\/2025\/04\/head-mormanno-600x450.jpg 600w\" sizes=\"(max-width: 1200px) 100vw, 1200px\" \/><\/div><\/a>\n\t\t\t\t<div class=\"elementor-post__badge\">Nei dintorni<\/div>\n\t\t\t\t<div class=\"elementor-post__text\">\n\t\t\t\t<h3 class=\"elementor-post__title\">\n\t\t\t<a href=\"https:\/\/www.kamillordi.it\/en\/mormanno\/\" >\n\t\t\t\tMormanno\t\t\t<\/a>\n\t\t<\/h3>\n\t\t\t\t<div class=\"elementor-post__excerpt\">\n\t\t\t<p>Immerso nel cuore del Parco Nazionale del Pollino, Mormanno \u00e8 un borgo montano che unisce storia, tradizioni e paesaggi spettacolari<\/p>\n\t\t<\/div>\n\t\t\n\t\t<a class=\"elementor-post__read-more\" href=\"https:\/\/www.kamillordi.it\/en\/mormanno\/\" aria-label=\"Read more about Mormanno\" tabindex=\"-1\" >\n\t\t\tContinua a leggere \u00bb\t\t<\/a>\n\n\t\t\t\t<\/div>\n\t\t\t\t\t<\/div>\n\t\t<\/article>\n\t\t\t\t<article class=\"elementor-post elementor-grid-item post-8368 post type-post status-publish format-standard has-post-thumbnail hentry category-nei-dintorni\">\n\t\t\t<div class=\"elementor-post__card\">\n\t\t\t\t<a class=\"elementor-post__thumbnail__link\" href=\"https:\/\/www.kamillordi.it\/en\/villapiana\/\" tabindex=\"-1\" ><div class=\"elementor-post__thumbnail\"><img loading=\"lazy\" decoding=\"async\" width=\"1200\" height=\"900\" src=\"https:\/\/www.kamillordi.it\/wp-content\/uploads\/2025\/03\/header-villapiana.jpg\" class=\"attachment-full size-full wp-image-8370\" alt=\"\" srcset=\"https:\/\/www.kamillordi.it\/wp-content\/uploads\/2025\/03\/header-villapiana.jpg 1200w, https:\/\/www.kamillordi.it\/wp-content\/uploads\/2025\/03\/header-villapiana-300x225.jpg 300w, https:\/\/www.kamillordi.it\/wp-content\/uploads\/2025\/03\/header-villapiana-1024x768.jpg 1024w, https:\/\/www.kamillordi.it\/wp-content\/uploads\/2025\/03\/header-villapiana-768x576.jpg 768w, https:\/\/www.kamillordi.it\/wp-content\/uploads\/2025\/03\/header-villapiana-16x12.jpg 16w, https:\/\/www.kamillordi.it\/wp-content\/uploads\/2025\/03\/header-villapiana-600x450.jpg 600w\" sizes=\"(max-width: 1200px) 100vw, 1200px\" \/><\/div><\/a>\n\t\t\t\t<div class=\"elementor-post__badge\">Nei dintorni<\/div>\n\t\t\t\t<div class=\"elementor-post__text\">\n\t\t\t\t<h3 class=\"elementor-post__title\">\n\t\t\t<a href=\"https:\/\/www.kamillordi.it\/en\/villapiana\/\" >\n\t\t\t\tVillapiana\t\t\t<\/a>\n\t\t<\/h3>\n\t\t\t\t<div class=\"elementor-post__excerpt\">\n\t\t\t<p>Affacciata sul Mar Ionio, Villapiana Lido \u00e8 una delle localit\u00e0 balneari pi\u00f9 amate della costa calabrese, grazie alle sue lunghe spiagge dorate, le acque cristalline e l\u2019atmosfera accogliente che la rende ideale sia per famiglie che per giovani in cerca di divertimento.<\/p>\n\t\t<\/div>\n\t\t\n\t\t<a class=\"elementor-post__read-more\" href=\"https:\/\/www.kamillordi.it\/en\/villapiana\/\" aria-label=\"Read more about Villapiana\" tabindex=\"-1\" >\n\t\t\tContinua a leggere \u00bb\t\t<\/a>\n\n\t\t\t\t<\/div>\n\t\t\t\t\t<\/div>\n\t\t<\/article>\n\t\t\t\t<\/div>\n\t\t\n\t\t\t\t<div class=\"e-load-more-anchor\" data-page=\"1\" data-max-page=\"3\" data-next-page=\"https:\/\/www.kamillordi.it\/en\/wp-json\/wp\/v2\/pages\/8444\/page\/2\/\"><\/div>\n\t\t\t\t<nav class=\"elementor-pagination\" aria-label=\"Pagination\">\n\t\t\t<span class=\"page-numbers prev\">&laquo; <\/span>\n<span aria-current=\"page\" class=\"page-numbers current\"><span class=\"elementor-screen-only\">Page<\/span>1<\/span>\n<a class=\"page-numbers\" href=\"https:\/\/www.kamillordi.it\/en\/wp-json\/wp\/v2\/pages\/8444\/page\/2\/\"><span class=\"elementor-screen-only\">Page<\/span>2<\/a>\n<a class=\"page-numbers\" href=\"https:\/\/www.kamillordi.it\/en\/wp-json\/wp\/v2\/pages\/8444\/page\/3\/\"><span class=\"elementor-screen-only\">Page<\/span>3<\/a>\n<a class=\"page-numbers next\" href=\"https:\/\/www.kamillordi.it\/en\/wp-json\/wp\/v2\/pages\/8444\/page\/2\/\"> &raquo;<\/a>\t\t<\/nav>\n\t\t\t\t\t\t<\/div>\n\t\t\t\t<\/div>\n\t\t\t\t\t<\/div>\n\t\t<\/div>\n\t\t\t\t\t<\/div>\n\t\t<\/section>\n\t\t\t\t<section class=\"elementor-section elementor-top-section elementor-element elementor-element-648f3887 elementor-section-full_width elementor-section-content-middle elementor-section-height-default elementor-section-height-default\" data-id=\"648f3887\" data-element_type=\"section\" data-e-type=\"section\">\n\t\t\t\t\t\t<div class=\"elementor-container elementor-column-gap-default\">\n\t\t\t\t\t<div class=\"elementor-column elementor-col-100 elementor-top-column elementor-element elementor-element-7e598b6c\" data-id=\"7e598b6c\" data-element_type=\"column\" data-e-type=\"column\">\n\t\t\t<div class=\"elementor-widget-wrap\">\n\t\t\t\t\t\t\t<\/div>\n\t\t<\/div>\n\t\t\t\t\t<\/div>\n\t\t<\/section>\n\t\t\t\t<\/div>","protected":false},"excerpt":{"rendered":"<p>Nei dintorni Guest House \u201cKa Millordi\u201d\u00a0 \u00e8 situato in posizione strategica, a 20 minuti di auto dalle splendide spiagge del mar Jonio, a 5 minuti da Civita (uno dei borghi pi\u00f9 belli d\u2019Italia) e ai piedi del del Parco Nazionale del Pollino, offre il giusto compromesso alle vostre vacanze.La presenza dello svincolo autostradale della A2 [&hellip;]<\/p>\n","protected":false},"author":1,"featured_media":0,"parent":0,"menu_order":0,"comment_status":"closed","ping_status":"closed","template":"","meta":{"footnotes":""},"class_list":["post-8444","page","type-page","status-publish","hentry"],"yoast_head":"<!-- This site is optimized with the Yoast SEO plugin v27.4 - https:\/\/yoast.com\/product\/yoast-seo-wordpress\/ -->\n<title>Cosa vedere nei dintorni | Ka Millordi Guest House a Frascineto<\/title>\n<meta name=\"description\" content=\"Dal mare Jonio alle montagne del Pollino: scopri borghi storici, eventi locali e natura incontaminata. Parti da Ka Millordi per esplorare la Calabria.\" \/>\n<meta name=\"robots\" content=\"index, follow, max-snippet:-1, max-image-preview:large, max-video-preview:-1\" \/>\n<link rel=\"canonical\" href=\"https:\/\/www.kamillordi.it\/en\/nei-dintorni\/\" \/>\n<meta property=\"og:locale\" content=\"en_GB\" \/>\n<meta property=\"og:type\" content=\"article\" \/>\n<meta property=\"og:title\" content=\"Cosa vedere nei dintorni | Ka Millordi Guest House a Frascineto\" \/>\n<meta property=\"og:description\" content=\"Dal mare Jonio alle montagne del Pollino: scopri borghi storici, eventi locali e natura incontaminata. Parti da Ka Millordi per esplorare la Calabria.\" \/>\n<meta property=\"og:url\" content=\"https:\/\/www.kamillordi.it\/en\/nei-dintorni\/\" \/>\n<meta property=\"og:site_name\" content=\"Ka Millordi | Guest House\" \/>\n<meta property=\"article:modified_time\" content=\"2025-05-19T17:07:19+00:00\" \/>\n<meta name=\"twitter:card\" content=\"summary_large_image\" \/>\n<meta name=\"twitter:label1\" content=\"Estimated reading time\" \/>\n\t<meta name=\"twitter:data1\" content=\"1 minute\" \/>\n<script type=\"application\/ld+json\" class=\"yoast-schema-graph\">{\"@context\":\"https:\\\/\\\/schema.org\",\"@graph\":[{\"@type\":\"WebPage\",\"@id\":\"https:\\\/\\\/www.kamillordi.it\\\/nei-dintorni\\\/\",\"url\":\"https:\\\/\\\/www.kamillordi.it\\\/nei-dintorni\\\/\",\"name\":\"Cosa vedere nei dintorni | Ka Millordi Guest House a Frascineto\",\"isPartOf\":{\"@id\":\"https:\\\/\\\/www.kamillordi.it\\\/#website\"},\"datePublished\":\"2025-04-19T11:12:57+00:00\",\"dateModified\":\"2025-05-19T17:07:19+00:00\",\"description\":\"Dal mare Jonio alle montagne del Pollino: scopri borghi storici, eventi locali e natura incontaminata. Parti da Ka Millordi per esplorare la Calabria.\",\"breadcrumb\":{\"@id\":\"https:\\\/\\\/www.kamillordi.it\\\/nei-dintorni\\\/#breadcrumb\"},\"inLanguage\":\"en-GB\",\"potentialAction\":[{\"@type\":\"ReadAction\",\"target\":[\"https:\\\/\\\/www.kamillordi.it\\\/nei-dintorni\\\/\"]}]},{\"@type\":\"BreadcrumbList\",\"@id\":\"https:\\\/\\\/www.kamillordi.it\\\/nei-dintorni\\\/#breadcrumb\",\"itemListElement\":[{\"@type\":\"ListItem\",\"position\":1,\"name\":\"Home\",\"item\":\"https:\\\/\\\/www.kamillordi.it\\\/\"},{\"@type\":\"ListItem\",\"position\":2,\"name\":\"Nei dintorni\"}]},{\"@type\":\"WebSite\",\"@id\":\"https:\\\/\\\/www.kamillordi.it\\\/#website\",\"url\":\"https:\\\/\\\/www.kamillordi.it\\\/\",\"name\":\"Ka Millordi | Guest House\",\"description\":\"\",\"publisher\":{\"@id\":\"https:\\\/\\\/www.kamillordi.it\\\/#organization\"},\"potentialAction\":[{\"@type\":\"SearchAction\",\"target\":{\"@type\":\"EntryPoint\",\"urlTemplate\":\"https:\\\/\\\/www.kamillordi.it\\\/?s={search_term_string}\"},\"query-input\":{\"@type\":\"PropertyValueSpecification\",\"valueRequired\":true,\"valueName\":\"search_term_string\"}}],\"inLanguage\":\"en-GB\"},{\"@type\":\"Organization\",\"@id\":\"https:\\\/\\\/www.kamillordi.it\\\/#organization\",\"name\":\"Ka Millordi | Guest House\",\"url\":\"https:\\\/\\\/www.kamillordi.it\\\/\",\"logo\":{\"@type\":\"ImageObject\",\"inLanguage\":\"en-GB\",\"@id\":\"https:\\\/\\\/www.kamillordi.it\\\/#\\\/schema\\\/logo\\\/image\\\/\",\"url\":\"https:\\\/\\\/www.kamillordi.it\\\/wp-content\\\/uploads\\\/2025\\\/03\\\/logo.png\",\"contentUrl\":\"https:\\\/\\\/www.kamillordi.it\\\/wp-content\\\/uploads\\\/2025\\\/03\\\/logo.png\",\"width\":800,\"height\":515,\"caption\":\"Ka Millordi | Guest House\"},\"image\":{\"@id\":\"https:\\\/\\\/www.kamillordi.it\\\/#\\\/schema\\\/logo\\\/image\\\/\"}}]}<\/script>\n<!-- \/ Yoast SEO plugin. -->","yoast_head_json":{"title":"Cosa vedere nei dintorni | Ka Millordi Guest House a Frascineto","description":"Dal mare Jonio alle montagne del Pollino: scopri borghi storici, eventi locali e natura incontaminata. Parti da Ka Millordi per esplorare la Calabria.","robots":{"index":"index","follow":"follow","max-snippet":"max-snippet:-1","max-image-preview":"max-image-preview:large","max-video-preview":"max-video-preview:-1"},"canonical":"https:\/\/www.kamillordi.it\/en\/nei-dintorni\/","og_locale":"en_GB","og_type":"article","og_title":"Cosa vedere nei dintorni | Ka Millordi Guest House a Frascineto","og_description":"Dal mare Jonio alle montagne del Pollino: scopri borghi storici, eventi locali e natura incontaminata. Parti da Ka Millordi per esplorare la Calabria.","og_url":"https:\/\/www.kamillordi.it\/en\/nei-dintorni\/","og_site_name":"Ka Millordi | Guest House","article_modified_time":"2025-05-19T17:07:19+00:00","twitter_card":"summary_large_image","twitter_misc":{"Estimated reading time":"1 minute"},"schema":{"@context":"https:\/\/schema.org","@graph":[{"@type":"WebPage","@id":"https:\/\/www.kamillordi.it\/nei-dintorni\/","url":"https:\/\/www.kamillordi.it\/nei-dintorni\/","name":"Cosa vedere nei dintorni | Ka Millordi Guest House a Frascineto","isPartOf":{"@id":"https:\/\/www.kamillordi.it\/#website"},"datePublished":"2025-04-19T11:12:57+00:00","dateModified":"2025-05-19T17:07:19+00:00","description":"Dal mare Jonio alle montagne del Pollino: scopri borghi storici, eventi locali e natura incontaminata. Parti da Ka Millordi per esplorare la Calabria.","breadcrumb":{"@id":"https:\/\/www.kamillordi.it\/nei-dintorni\/#breadcrumb"},"inLanguage":"en-GB","potentialAction":[{"@type":"ReadAction","target":["https:\/\/www.kamillordi.it\/nei-dintorni\/"]}]},{"@type":"BreadcrumbList","@id":"https:\/\/www.kamillordi.it\/nei-dintorni\/#breadcrumb","itemListElement":[{"@type":"ListItem","position":1,"name":"Home","item":"https:\/\/www.kamillordi.it\/"},{"@type":"ListItem","position":2,"name":"Nei dintorni"}]},{"@type":"WebSite","@id":"https:\/\/www.kamillordi.it\/#website","url":"https:\/\/www.kamillordi.it\/","name":"Ka Millordi | Guest House","description":"","publisher":{"@id":"https:\/\/www.kamillordi.it\/#organization"},"potentialAction":[{"@type":"SearchAction","target":{"@type":"EntryPoint","urlTemplate":"https:\/\/www.kamillordi.it\/?s={search_term_string}"},"query-input":{"@type":"PropertyValueSpecification","valueRequired":true,"valueName":"search_term_string"}}],"inLanguage":"en-GB"},{"@type":"Organization","@id":"https:\/\/www.kamillordi.it\/#organization","name":"Ka Millordi | Guest House","url":"https:\/\/www.kamillordi.it\/","logo":{"@type":"ImageObject","inLanguage":"en-GB","@id":"https:\/\/www.kamillordi.it\/#\/schema\/logo\/image\/","url":"https:\/\/www.kamillordi.it\/wp-content\/uploads\/2025\/03\/logo.png","contentUrl":"https:\/\/www.kamillordi.it\/wp-content\/uploads\/2025\/03\/logo.png","width":800,"height":515,"caption":"Ka Millordi | Guest House"},"image":{"@id":"https:\/\/www.kamillordi.it\/#\/schema\/logo\/image\/"}}]}},"_links":{"self":[{"href":"https:\/\/www.kamillordi.it\/en\/wp-json\/wp\/v2\/pages\/8444","targetHints":{"allow":["GET"]}}],"collection":[{"href":"https:\/\/www.kamillordi.it\/en\/wp-json\/wp\/v2\/pages"}],"about":[{"href":"https:\/\/www.kamillordi.it\/en\/wp-json\/wp\/v2\/types\/page"}],"author":[{"embeddable":true,"href":"https:\/\/www.kamillordi.it\/en\/wp-json\/wp\/v2\/users\/1"}],"replies":[{"embeddable":true,"href":"https:\/\/www.kamillordi.it\/en\/wp-json\/wp\/v2\/comments?post=8444"}],"version-history":[{"count":40,"href":"https:\/\/www.kamillordi.it\/en\/wp-json\/wp\/v2\/pages\/8444\/revisions"}],"predecessor-version":[{"id":8640,"href":"https:\/\/www.kamillordi.it\/en\/wp-json\/wp\/v2\/pages\/8444\/revisions\/8640"}],"wp:attachment":[{"href":"https:\/\/www.kamillordi.it\/en\/wp-json\/wp\/v2\/media?parent=8444"}],"curies":[{"name":"wp","href":"https:\/\/api.w.org\/{rel}","templated":true}]}}